{"id":7,"date":"2024-11-27T13:45:03","date_gmt":"2024-11-27T12:45:03","guid":{"rendered":"https:\/\/stephanbrenig.com\/?page_id=7"},"modified":"2024-11-27T21:38:23","modified_gmt":"2024-11-27T20:38:23","slug":"home","status":"publish","type":"page","link":"https:\/\/stephanbrenig.com\/","title":{"rendered":"Home"},"content":{"rendered":"\t\t<div data-elementor-type=\"wp-page\" data-elementor-id=\"7\" class=\"elementor elementor-7\">\n\t\t\t\t<div class=\"elementor-element elementor-element-7e39c8b e-flex e-con-boxed e-con e-parent\" data-id=\"7e39c8b\" data-element_type=\"container\">\n\t\t\t\t\t<div class=\"e-con-inner\">\n\t\t<div class=\"elementor-element elementor-element-2cc55a2 e-grid e-con-full e-con e-child\" data-id=\"2cc55a2\" data-element_type=\"container\">\n\t\t\t\t<div class=\"elementor-element elementor-element-e843d8d elementor-widget elementor-widget-text-editor\" data-id=\"e843d8d\" data-element_type=\"widget\" data-widget_type=\"text-editor.default\">\n\t\t\t\t<div class=\"elementor-widget-container\">\n\t\t\t\t\t\t\t<h1>STEPHAN <span style=\"color: #cccccc;\">BRENIG<\/span><\/h1><p>Mit \u00fcber 10 Jahren Erfahrung als UX Designer, Webdesigner und 3D Artist kombiniere ich kreative Vision mit technischer Expertise. Ich gestalte intuitive Interfaces, moderne Websites und technisch anspruchsvolle 3D-Assets, die Nutzer begeistern und Projekte voranbringen. Mein Fokus liegt darauf, \u00e4sthetische und funktionale L\u00f6sungen zu liefern \u2013 von nutzerzentrierten Designs \u00fcber performante Webl\u00f6sungen bis hin zu detailreichen 3D-Inhalten f\u00fcr Games und Animationen.<\/p>\t\t\t\t\t\t<\/div>\n\t\t\t\t<\/div>\n\t\t\t\t<div class=\"elementor-element elementor-element-aecad14 elementor-widget elementor-widget-image\" data-id=\"aecad14\" data-element_type=\"widget\" data-widget_type=\"image.default\">\n\t\t\t\t<div class=\"elementor-widget-container\">\n\t\t\t\t\t\t\t\t\t\t\t\t\t<img fetchpriority=\"high\" decoding=\"async\" width=\"300\" height=\"300\" src=\"https:\/\/stephanbrenig.com\/wp-content\/uploads\/2024\/11\/pfp-300x300.png\" class=\"attachment-medium size-medium wp-image-129\" alt=\"\" srcset=\"https:\/\/stephanbrenig.com\/wp-content\/uploads\/2024\/11\/pfp-300x300.png 300w, https:\/\/stephanbrenig.com\/wp-content\/uploads\/2024\/11\/pfp-150x150.png 150w, https:\/\/stephanbrenig.com\/wp-content\/uploads\/2024\/11\/pfp.png 512w\" sizes=\"(max-width: 300px) 100vw, 300px\" \/>\t\t\t\t\t\t\t\t\t\t\t\t\t<\/div>\n\t\t\t\t<\/div>\n\t\t\t\t<\/div>\n\t\t\t\t\t<\/div>\n\t\t\t\t<\/div>\n\t\t<div class=\"elementor-element elementor-element-3ce18fd e-flex e-con-boxed e-con e-parent\" data-id=\"3ce18fd\" data-element_type=\"container\" id=\"services\">\n\t\t\t\t\t<div class=\"e-con-inner\">\n\t\t\t\t<div class=\"elementor-element elementor-element-3db2ed6 elementor-widget elementor-widget-heading\" data-id=\"3db2ed6\" data-element_type=\"widget\" data-widget_type=\"heading.default\">\n\t\t\t\t<div class=\"elementor-widget-container\">\n\t\t\t<h2 class=\"elementor-heading-title elementor-size-default\">Dienstleistungen<\/h2>\t\t<\/div>\n\t\t\t\t<\/div>\n\t\t\t\t\t<\/div>\n\t\t\t\t<\/div>\n\t\t<div class=\"elementor-element elementor-element-4980aa0 e-grid e-con-boxed e-con e-parent\" data-id=\"4980aa0\" data-element_type=\"container\">\n\t\t\t\t\t<div class=\"e-con-inner\">\n\t\t\t\t<div class=\"elementor-element elementor-element-875dd87 elementor-widget elementor-widget-text-editor\" data-id=\"875dd87\" data-element_type=\"widget\" data-widget_type=\"text-editor.default\">\n\t\t\t\t<div class=\"elementor-widget-container\">\n\t\t\t\t\t\t\t<h3>UI\/UX Design<\/h3><p>Als erfahrener UI\/UX Designer biete ich Ihnen ma\u00dfgeschneiderte L\u00f6sungen, die Ihre digitalen Produkte intuitiv, \u00e4sthetisch ansprechend und nutzerzentriert gestalten. Mein Ziel ist es, Ihre Vision in eine funktionale und benutzerfreundliche Erfahrung umzuwandeln, die Ihre Zielgruppe begeistert. Mit einem umfassenden Verst\u00e4ndnis f\u00fcr moderne Designprinzipien und einer Leidenschaft f\u00fcr kreative Probleml\u00f6sungen arbeite ich eng mit Ihnen zusammen, um Ihre Anforderungen und Gesch\u00e4ftsziele in ein \u00fcberzeugendes Design zu \u00fcbersetzen.<\/p><p>Egal, ob Sie ein neues Produkt entwickeln, ein bestehendes Redesign planen oder Ihre Conversion-Rate steigern m\u00f6chten \u2013 ich sorge daf\u00fcr, dass Ihre Anwendung nicht nur funktional, sondern auch einpr\u00e4gsam und angenehm zu bedienen ist.<\/p>\t\t\t\t\t\t<\/div>\n\t\t\t\t<\/div>\n\t\t\t\t<div class=\"elementor-element elementor-element-4ad2130 elementor-widget elementor-widget-text-editor\" data-id=\"4ad2130\" data-element_type=\"widget\" data-widget_type=\"text-editor.default\">\n\t\t\t\t<div class=\"elementor-widget-container\">\n\t\t\t\t\t\t\t<h3>Webdesign<\/h3><p>Als Webdesigner spezialisiere ich mich darauf, moderne und funktionale Websites zu entwickeln, die Ihre Marke perfekt repr\u00e4sentieren und Ihre Zielgruppe ansprechen. Mein Service umfasst die vollst\u00e4ndige Gestaltung und Optimierung Ihrer Webpr\u00e4senz \u2013 von der ersten Konzeptentwicklung bis zur finalen Umsetzung. Ich kombiniere kreatives Design mit technischer Pr\u00e4zision, um Websites zu schaffen, die nicht nur optisch \u00fcberzeugen, sondern auch durch Benutzerfreundlichkeit, Performance und Mobilfreundlichkeit punkten.<\/p><p>Ich nutze modernste Tools wie WordPress, Figma und Webflow, um flexible L\u00f6sungen zu bieten, die sowohl zukunftssicher als auch leicht zu aktualisieren sind.<\/p>\t\t\t\t\t\t<\/div>\n\t\t\t\t<\/div>\n\t\t\t\t<div class=\"elementor-element elementor-element-13bfef9 elementor-widget elementor-widget-text-editor\" data-id=\"13bfef9\" data-element_type=\"widget\" data-widget_type=\"text-editor.default\">\n\t\t\t\t<div class=\"elementor-widget-container\">\n\t\t\t\t\t\t\t<h3>3D Art<\/h3><p>Mit einem Verst\u00e4ndnis f\u00fcr moderne Game-Engines wie Unreal und Unity kreiere ich Assets, die sowohl visuell beeindrucken als auch optimal f\u00fcr die Performance Ihres Spiels optimiert sind.<\/p><p>Mein Service umfasst die gesamte Pipeline der 3D-Asset-Erstellung: von der Konzeptentwicklung und High-Poly-Modellierung \u00fcber Retopologie und UV-Mapping bis hin zur Texturierung und Integration in die Engine. Ich arbeite mit Tools wie Blender und Substance Painter, um sicherzustellen, dass jedes Asset h\u00f6chsten Anspr\u00fcchen gerecht wird \u2013 egal, ob Sie einen fotorealistischen oder einen stylisierten Look anstreben.<\/p>\t\t\t\t\t\t<\/div>\n\t\t\t\t<\/div>\n\t\t\t\t\t<\/div>\n\t\t\t\t<\/div>\n\t\t<div class=\"elementor-element elementor-element-45ef122 e-flex e-con-boxed e-con e-parent\" data-id=\"45ef122\" data-element_type=\"container\" id=\"portfolio\">\n\t\t\t\t\t<div class=\"e-con-inner\">\n\t\t\t\t<div class=\"elementor-element elementor-element-f110132 elementor-widget elementor-widget-heading\" data-id=\"f110132\" data-element_type=\"widget\" data-widget_type=\"heading.default\">\n\t\t\t\t<div class=\"elementor-widget-container\">\n\t\t\t<h2 class=\"elementor-heading-title elementor-size-default\">Portfolio<\/h2>\t\t<\/div>\n\t\t\t\t<\/div>\n\t\t\t\t\t<\/div>\n\t\t\t\t<\/div>\n\t\t<div class=\"elementor-element elementor-element-06703d3 e-flex e-con-boxed e-con e-parent\" data-id=\"06703d3\" data-element_type=\"container\">\n\t\t\t\t\t<div class=\"e-con-inner\">\n\t\t\t\t<div class=\"elementor-element elementor-element-ea486c5 elementor-widget elementor-widget-htmega-galleryjustify-addons\" data-id=\"ea486c5\" data-element_type=\"widget\" data-widget_type=\"htmega-galleryjustify-addons.default\">\n\t\t\t\t<div class=\"elementor-widget-container\">\n\t\t\t<div id=\"npgalleryea486c5\" class=\"npgallery_activeea486c5\"style=\"display:none;\">                        <div class=\"htmega-justify-single-image\">\n                            <div class=\"thumb\">\n                                <a href=\"https:\/\/stephanbrenig.com\/wp-content\/uploads\/2024\/11\/localheroes.png\" rel=\"npgallery\">\n                                    <img decoding=\"async\" src=\"https:\/\/stephanbrenig.com\/wp-content\/uploads\/2024\/11\/localheroes.png\" alt=\"\">\n                                <\/a>\n                            <\/div>\n                        <\/div>\n\n                                            <div class=\"htmega-justify-single-image\">\n                            <div class=\"thumb\">\n                                <a href=\"https:\/\/stephanbrenig.com\/wp-content\/uploads\/2024\/11\/fiannceapp-e1732727843212.png\" rel=\"npgallery\">\n                                    <img decoding=\"async\" src=\"https:\/\/stephanbrenig.com\/wp-content\/uploads\/2024\/11\/fiannceapp-e1732727843212.png\" alt=\"\">\n                                <\/a>\n                            <\/div>\n                        <\/div>\n\n                                            <div class=\"htmega-justify-single-image\">\n                            <div class=\"thumb\">\n                                <a href=\"https:\/\/stephanbrenig.com\/wp-content\/uploads\/2024\/11\/barbarossa.jpg\" rel=\"npgallery\">\n                                    <img decoding=\"async\" src=\"https:\/\/stephanbrenig.com\/wp-content\/uploads\/2024\/11\/barbarossa.jpg\" alt=\"\">\n                                <\/a>\n                            <\/div>\n                        <\/div>\n\n                                            <div class=\"htmega-justify-single-image\">\n                            <div class=\"thumb\">\n                                <a href=\"https:\/\/stephanbrenig.com\/wp-content\/uploads\/2024\/11\/black_strat_03.png\" rel=\"npgallery\">\n                                    <img decoding=\"async\" src=\"https:\/\/stephanbrenig.com\/wp-content\/uploads\/2024\/11\/black_strat_03.png\" alt=\"\">\n                                <\/a>\n                            <\/div>\n                        <\/div>\n\n                                            <div class=\"htmega-justify-single-image\">\n                            <div class=\"thumb\">\n                                <a href=\"https:\/\/stephanbrenig.com\/wp-content\/uploads\/2024\/11\/280z-render.jpg\" rel=\"npgallery\">\n                                    <img decoding=\"async\" src=\"https:\/\/stephanbrenig.com\/wp-content\/uploads\/2024\/11\/280z-render.jpg\" alt=\"\">\n                                <\/a>\n                            <\/div>\n                        <\/div>\n\n                                            <div class=\"htmega-justify-single-image\">\n                            <div class=\"thumb\">\n                                <a href=\"https:\/\/stephanbrenig.com\/wp-content\/uploads\/2024\/11\/scifi-gun-with-case.png\" rel=\"npgallery\">\n                                    <img decoding=\"async\" src=\"https:\/\/stephanbrenig.com\/wp-content\/uploads\/2024\/11\/scifi-gun-with-case.png\" alt=\"\">\n                                <\/a>\n                            <\/div>\n                        <\/div>\n\n                                            <div class=\"htmega-justify-single-image\">\n                            <div class=\"thumb\">\n                                <a href=\"https:\/\/stephanbrenig.com\/wp-content\/uploads\/2024\/11\/random_terminal_cycles.png\" rel=\"npgallery\">\n                                    <img decoding=\"async\" src=\"https:\/\/stephanbrenig.com\/wp-content\/uploads\/2024\/11\/random_terminal_cycles.png\" alt=\"\">\n                                <\/a>\n                            <\/div>\n                        <\/div>\n\n                                            <div class=\"htmega-justify-single-image\">\n                            <div class=\"thumb\">\n                                <a href=\"https:\/\/stephanbrenig.com\/wp-content\/uploads\/2024\/11\/terminal.png\" rel=\"npgallery\">\n                                    <img decoding=\"async\" src=\"https:\/\/stephanbrenig.com\/wp-content\/uploads\/2024\/11\/terminal.png\" alt=\"\">\n                                <\/a>\n                            <\/div>\n                        <\/div>\n\n                                            <div class=\"htmega-justify-single-image\">\n                            <div class=\"thumb\">\n                                <a href=\"https:\/\/stephanbrenig.com\/wp-content\/uploads\/2024\/11\/ff_sword_scene_01.png\" rel=\"npgallery\">\n                                    <img decoding=\"async\" src=\"https:\/\/stephanbrenig.com\/wp-content\/uploads\/2024\/11\/ff_sword_scene_01.png\" alt=\"\">\n                                <\/a>\n                            <\/div>\n                        <\/div>\n\n                                            <div class=\"htmega-justify-single-image\">\n                            <div class=\"thumb\">\n                                <a href=\"https:\/\/stephanbrenig.com\/wp-content\/uploads\/2024\/11\/rangefinder.jpg\" rel=\"npgallery\">\n                                    <img decoding=\"async\" src=\"https:\/\/stephanbrenig.com\/wp-content\/uploads\/2024\/11\/rangefinder.jpg\" alt=\"\">\n                                <\/a>\n                            <\/div>\n                        <\/div>\n\n                    <\/div>        <script>\n            jQuery(document).ready(function($) {\n\n                'use strict';                \n                $('#npgalleryea486c5').imagesLoaded( function() {\n                    $('#npgalleryea486c5')[0].style.display='block';\n                    $('#npgalleryea486c5').justifiedGallery({\n                        rowHeight: 300,\n                        maxRowHeight: null,\n                        margins: 20,\n                        border: 0,\n                        rel: 'npgalleryea486c5',\n                        lastRow: 'nojustify',\n                        captions: true,\n                        randomize: false,\n                        sizeRangeSuffixes: {\n                            lt100: '_t',\n                            lt240: '_m',\n                            lt320: '_n',\n                            lt500: '',\n                            lt640: '_z',\n                            lt1024: '_b'\n                        }\n                    });\n                });\n                            });\n        <\/script>\n        \t\t<\/div>\n\t\t\t\t<\/div>\n\t\t\t\t\t<\/div>\n\t\t\t\t<\/div>\n\t\t<div class=\"elementor-element elementor-element-cc90ac3 e-flex e-con-boxed e-con e-parent\" data-id=\"cc90ac3\" data-element_type=\"container\" id=\"kontakt\">\n\t\t\t\t\t<div class=\"e-con-inner\">\n\t\t\t\t<div class=\"elementor-element elementor-element-0e20ee1 elementor-widget elementor-widget-heading\" data-id=\"0e20ee1\" data-element_type=\"widget\" data-widget_type=\"heading.default\">\n\t\t\t\t<div class=\"elementor-widget-container\">\n\t\t\t<h2 class=\"elementor-heading-title elementor-size-default\">Kontakt<\/h2>\t\t<\/div>\n\t\t\t\t<\/div>\n\t\t\t\t\t<\/div>\n\t\t\t\t<\/div>\n\t\t<div class=\"elementor-element elementor-element-181dac3 e-con-full e-flex e-con e-parent\" data-id=\"181dac3\" data-element_type=\"container\">\n\t\t\t\t<div class=\"elementor-element elementor-element-d6de342 elementor-widget__width-initial elementor-widget-mobile__width-inherit elementor-widget elementor-widget-htmega-contactform-addons\" data-id=\"d6de342\" data-element_type=\"widget\" data-widget_type=\"htmega-contactform-addons.default\">\n\t\t\t\t<div class=\"elementor-widget-container\">\n\t\t\t            <div class=\"htmega-form-wrapper htmega-form-style-1\" >\n                \n<div class=\"wpcf7 no-js\" id=\"wpcf7-f81-o1\" lang=\"de-DE\" dir=\"ltr\" data-wpcf7-id=\"81\">\n<div class=\"screen-reader-response\"><p role=\"status\" aria-live=\"polite\" aria-atomic=\"true\"><\/p> <ul><\/ul><\/div>\n<form action=\"\/index.php\/wp-json\/wp\/v2\/pages\/7#wpcf7-f81-o1\" method=\"post\" class=\"wpcf7-form init\" aria-label=\"Kontaktformular\" novalidate=\"novalidate\" data-status=\"init\">\n<div style=\"display: none;\">\n<input type=\"hidden\" name=\"_wpcf7\" value=\"81\" \/>\n<input type=\"hidden\" name=\"_wpcf7_version\" value=\"6.0.1\" \/>\n<input type=\"hidden\" name=\"_wpcf7_locale\" value=\"de_DE\" \/>\n<input type=\"hidden\" name=\"_wpcf7_unit_tag\" value=\"wpcf7-f81-o1\" \/>\n<input type=\"hidden\" name=\"_wpcf7_container_post\" value=\"0\" \/>\n<input type=\"hidden\" name=\"_wpcf7_posted_data_hash\" value=\"\" \/>\n<\/div>\n<p><label> Dein Name<br \/>\n<span class=\"wpcf7-form-control-wrap\" data-name=\"your-name\"><input size=\"40\" maxlength=\"400\" class=\"wpcf7-form-control wpcf7-text wpcf7-validates-as-required\" autocomplete=\"name\" aria-required=\"true\" aria-invalid=\"false\" value=\"\" type=\"text\" name=\"your-name\" \/><\/span> <\/label>\n<\/p>\n<p><label> Deine E-Mail-Adresse<br \/>\n<span class=\"wpcf7-form-control-wrap\" data-name=\"your-email\"><input size=\"40\" maxlength=\"400\" class=\"wpcf7-form-control wpcf7-email wpcf7-validates-as-required wpcf7-text wpcf7-validates-as-email\" autocomplete=\"email\" aria-required=\"true\" aria-invalid=\"false\" value=\"\" type=\"email\" name=\"your-email\" \/><\/span> <\/label>\n<\/p>\n<p><label> Betreff<br \/>\n<span class=\"wpcf7-form-control-wrap\" data-name=\"your-subject\"><input size=\"40\" maxlength=\"400\" class=\"wpcf7-form-control wpcf7-text wpcf7-validates-as-required\" aria-required=\"true\" aria-invalid=\"false\" value=\"\" type=\"text\" name=\"your-subject\" \/><\/span> <\/label>\n<\/p>\n<p><label> Deine Nachricht (optional)<br \/>\n<span class=\"wpcf7-form-control-wrap\" data-name=\"your-message\"><textarea cols=\"40\" rows=\"10\" maxlength=\"2000\" class=\"wpcf7-form-control wpcf7-textarea\" aria-invalid=\"false\" name=\"your-message\"><\/textarea><\/span> <\/label>\n<\/p>\n<p><span class=\"wpcf7-form-control-wrap\" data-name=\"acceptance-613\"><span class=\"wpcf7-form-control wpcf7-acceptance\"><span class=\"wpcf7-list-item\"><label><input type=\"checkbox\" name=\"acceptance-613\" value=\"1\" aria-invalid=\"false\" \/><span class=\"wpcf7-list-item-label\">Ich habe die Datenschutzerkl\u00e4rung gelesen und stimme zu.<\/span><\/label><\/span><\/span><\/span><br \/>\n<input class=\"wpcf7-form-control wpcf7-submit has-spinner\" type=\"submit\" value=\"Senden\" \/>\n<\/p><div class=\"wpcf7-response-output\" aria-hidden=\"true\"><\/div>\n<\/form>\n<\/div>\n            <\/div>\n\n        \t\t<\/div>\n\t\t\t\t<\/div>\n\t\t\t\t<\/div>\n\t\t\t\t<\/div>\n\t\t","protected":false},"excerpt":{"rendered":"<p>STEPHAN BRENIG Mit \u00fcber 10 Jahren Erfahrung als UX Designer, Webdesigner und 3D Artist kombiniere ich kreative Vision mit technischer Expertise. Ich gestalte intuitive Interfaces, moderne Websites und technisch anspruchsvolle 3D-Assets, die Nutzer begeistern und Projekte voranbringen. Mein Fokus liegt darauf, \u00e4sthetische und funktionale L\u00f6sungen zu liefern \u2013 von nutzerzentrierten Designs \u00fcber performante Webl\u00f6sungen bis [&hellip;]<\/p>\n","protected":false},"author":1,"featured_media":0,"parent":0,"menu_order":0,"comment_status":"closed","ping_status":"closed","template":"elementor_header_footer","meta":{"footnotes":""},"class_list":["post-7","page","type-page","status-publish","hentry"],"blocksy_meta":[],"_links":{"self":[{"href":"https:\/\/stephanbrenig.com\/index.php\/wp-json\/wp\/v2\/pages\/7","targetHints":{"allow":["GET"]}}],"collection":[{"href":"https:\/\/stephanbrenig.com\/index.php\/wp-json\/wp\/v2\/pages"}],"about":[{"href":"https:\/\/stephanbrenig.com\/index.php\/wp-json\/wp\/v2\/types\/page"}],"author":[{"embeddable":true,"href":"https:\/\/stephanbrenig.com\/index.php\/wp-json\/wp\/v2\/users\/1"}],"replies":[{"embeddable":true,"href":"https:\/\/stephanbrenig.com\/index.php\/wp-json\/wp\/v2\/comments?post=7"}],"version-history":[{"count":58,"href":"https:\/\/stephanbrenig.com\/index.php\/wp-json\/wp\/v2\/pages\/7\/revisions"}],"predecessor-version":[{"id":150,"href":"https:\/\/stephanbrenig.com\/index.php\/wp-json\/wp\/v2\/pages\/7\/revisions\/150"}],"wp:attachment":[{"href":"https:\/\/stephanbrenig.com\/index.php\/wp-json\/wp\/v2\/media?parent=7"}],"curies":[{"name":"wp","href":"https:\/\/api.w.org\/{rel}","templated":true}]}}